{"id":7839,"date":"2021-02-26T09:05:43","date_gmt":"2021-02-26T07:05:43","guid":{"rendered":"http:\/\/gemmes.eu\/?page_id=7839"},"modified":"2025-10-07T16:50:09","modified_gmt":"2025-10-07T14:50:09","slug":"ressources","status":"publish","type":"page","link":"https:\/\/gemmes.org\/en\/ressources","title":{"rendered":"Resources"},"content":{"rendered":"<div data-elementor-type=\"wp-page\" data-elementor-id=\"7839\" class=\"elementor elementor-7839\" data-elementor-post-type=\"page\">\n\t\t\t\t<div data-particle_enable=\"false\" data-particle-mobile-disabled=\"false\" class=\"elementor-element elementor-element-49d8606 e-flex e-con-boxed e-con e-parent\" data-id=\"49d8606\" data-element_type=\"container\" data-e-type=\"container\">\n\t\t\t\t\t<div class=\"e-con-inner\">\n\t\t<div data-particle_enable=\"false\" data-particle-mobile-disabled=\"false\" class=\"elementor-element elementor-element-b370bf0 e-con-full e-flex e-con e-child\" data-id=\"b370bf0\" data-element_type=\"container\" data-e-type=\"container\">\n\t\t\t\t<div class=\"elementor-element elementor-element-9b0d9ee elementor-widget elementor-widget-heading\" data-id=\"9b0d9ee\" data-element_type=\"widget\" data-e-type=\"widget\" data-widget_type=\"heading.default\">\n\t\t\t\t<div class=\"elementor-widget-container\">\n\t\t\t\t\t<h2 class=\"elementor-heading-title elementor-size-default\"><a href=\"http:\/\/gemmes.org\/wp-content\/uploads\/2022\/09\/Brochure-ateliers-Gemmes-et-SPARKS_09.22.pdf\">Activity Reports<\/a><\/h2>\t\t\t\t<\/div>\n\t\t\t\t<\/div>\n\t\t\t\t<\/div>\n\t\t\t\t\t<\/div>\n\t\t\t\t<\/div>\n\t\t<div data-particle_enable=\"false\" data-particle-mobile-disabled=\"false\" class=\"elementor-element elementor-element-3b9e9b4 e-flex e-con-boxed e-con e-parent\" data-id=\"3b9e9b4\" data-element_type=\"container\" data-e-type=\"container\" data-settings=\"{&quot;background_background&quot;:&quot;classic&quot;}\">\n\t\t\t\t\t<div class=\"e-con-inner\">\n\t\t<div data-particle_enable=\"false\" data-particle-mobile-disabled=\"false\" class=\"elementor-element elementor-element-4247e04 e-con-full e-flex e-con e-child\" data-id=\"4247e04\" data-element_type=\"container\" data-e-type=\"container\">\n\t\t\t\t<div class=\"elementor-element elementor-element-a961ed7 elementor-align-left elementor-widget elementor-widget-button\" data-id=\"a961ed7\" data-element_type=\"widget\" data-e-type=\"widget\" data-widget_type=\"button.default\">\n\t\t\t\t<div class=\"elementor-widget-container\">\n\t\t\t\t\t\t\t\t\t<div class=\"elementor-button-wrapper\">\n\t\t\t\t\t<a class=\"elementor-button elementor-button-link elementor-size-lg\" href=\"https:\/\/gemmes.org\/en\/rapport-dactivite-2024-2025\/\" target=\"_blank\">\n\t\t\t\t\t\t<span class=\"elementor-button-content-wrapper\">\n\t\t\t\t\t\t<span class=\"elementor-button-icon\">\n\t\t\t\t<i aria-hidden=\"true\" class=\"far fa-file-pdf\"><\/i>\t\t\t<\/span>\n\t\t\t\t\t\t\t\t\t<span class=\"elementor-button-text\">Report 2024-2025 (FR)<\/span>\n\t\t\t\t\t<\/span>\n\t\t\t\t\t<\/a>\n\t\t\t\t<\/div>\n\t\t\t\t\t\t\t\t<\/div>\n\t\t\t\t<\/div>\n\t\t\t\t<\/div>\n\t\t<div data-particle_enable=\"false\" data-particle-mobile-disabled=\"false\" class=\"elementor-element elementor-element-fa6d5e2 e-con-full e-flex e-con e-child\" data-id=\"fa6d5e2\" data-element_type=\"container\" data-e-type=\"container\">\n\t\t\t\t<div class=\"elementor-element elementor-element-5c2ef56 elementor-align-left elementor-widget elementor-widget-button\" data-id=\"5c2ef56\" data-element_type=\"widget\" data-e-type=\"widget\" data-widget_type=\"button.default\">\n\t\t\t\t<div class=\"elementor-widget-container\">\n\t\t\t\t\t\t\t\t\t<div class=\"elementor-button-wrapper\">\n\t\t\t\t\t<a class=\"elementor-button elementor-button-link elementor-size-lg\" href=\"https:\/\/gemmes.org\/wp-content\/uploads\/2025\/07\/Activity-Report-2023-2024_EN_v.1.2.pdf\" target=\"_blank\">\n\t\t\t\t\t\t<span class=\"elementor-button-content-wrapper\">\n\t\t\t\t\t\t<span class=\"elementor-button-icon\">\n\t\t\t\t<i aria-hidden=\"true\" class=\"far fa-file-pdf\"><\/i>\t\t\t<\/span>\n\t\t\t\t\t\t\t\t\t<span class=\"elementor-button-text\">Report 2023-2024 (FR)<\/span>\n\t\t\t\t\t<\/span>\n\t\t\t\t\t<\/a>\n\t\t\t\t<\/div>\n\t\t\t\t\t\t\t\t<\/div>\n\t\t\t\t<\/div>\n\t\t\t\t<div class=\"elementor-element elementor-element-95745a1 elementor-align-left elementor-widget elementor-widget-button\" data-id=\"95745a1\" data-element_type=\"widget\" data-e-type=\"widget\" data-widget_type=\"button.default\">\n\t\t\t\t<div class=\"elementor-widget-container\">\n\t\t\t\t\t\t\t\t\t<div class=\"elementor-button-wrapper\">\n\t\t\t\t\t<a class=\"elementor-button elementor-button-link elementor-size-lg\" href=\"https:\/\/gemmes.org\/wp-content\/uploads\/2025\/07\/Activity-Report-2023-2024_EN_v.1.2.pdf\" target=\"_blank\">\n\t\t\t\t\t\t<span class=\"elementor-button-content-wrapper\">\n\t\t\t\t\t\t<span class=\"elementor-button-icon\">\n\t\t\t\t<i aria-hidden=\"true\" class=\"far fa-file-pdf\"><\/i>\t\t\t<\/span>\n\t\t\t\t\t\t\t\t\t<span class=\"elementor-button-text\">Report 2023-2024 (EN)<\/span>\n\t\t\t\t\t<\/span>\n\t\t\t\t\t<\/a>\n\t\t\t\t<\/div>\n\t\t\t\t\t\t\t\t<\/div>\n\t\t\t\t<\/div>\n\t\t\t\t<\/div>\n\t\t<div data-particle_enable=\"false\" data-particle-mobile-disabled=\"false\" class=\"elementor-element elementor-element-cd4190d e-con-full e-flex e-con e-child\" data-id=\"cd4190d\" data-element_type=\"container\" data-e-type=\"container\">\n\t\t\t\t<div class=\"elementor-element elementor-element-f5b8720 elementor-align-left elementor-widget elementor-widget-button\" data-id=\"f5b8720\" data-element_type=\"widget\" data-e-type=\"widget\" data-widget_type=\"button.default\">\n\t\t\t\t<div class=\"elementor-widget-container\">\n\t\t\t\t\t\t\t\t\t<div class=\"elementor-button-wrapper\">\n\t\t\t\t\t<a class=\"elementor-button elementor-button-link elementor-size-lg\" href=\"https:\/\/gemmes.org\/en\/Rapport-activites-Gemmes-2022\/\" target=\"_blank\">\n\t\t\t\t\t\t<span class=\"elementor-button-content-wrapper\">\n\t\t\t\t\t\t<span class=\"elementor-button-icon\">\n\t\t\t\t<i aria-hidden=\"true\" class=\"far fa-file-pdf\"><\/i>\t\t\t<\/span>\n\t\t\t\t\t\t\t\t\t<span class=\"elementor-button-text\">Report 2022<\/span>\n\t\t\t\t\t<\/span>\n\t\t\t\t\t<\/a>\n\t\t\t\t<\/div>\n\t\t\t\t\t\t\t\t<\/div>\n\t\t\t\t<\/div>\n\t\t\t\t<div class=\"elementor-element elementor-element-171cfc8 elementor-align-left elementor-widget elementor-widget-button\" data-id=\"171cfc8\" data-element_type=\"widget\" data-e-type=\"widget\" data-widget_type=\"button.default\">\n\t\t\t\t<div class=\"elementor-widget-container\">\n\t\t\t\t\t\t\t\t\t<div class=\"elementor-button-wrapper\">\n\t\t\t\t\t<a class=\"elementor-button elementor-button-link elementor-size-lg\" href=\"https:\/\/gemmes.org\/en\/rapport_activit\u00e9s_2020-2021\/\" target=\"_blank\">\n\t\t\t\t\t\t<span class=\"elementor-button-content-wrapper\">\n\t\t\t\t\t\t<span class=\"elementor-button-icon\">\n\t\t\t\t<i aria-hidden=\"true\" class=\"far fa-file-pdf\"><\/i>\t\t\t<\/span>\n\t\t\t\t\t\t\t\t\t<span class=\"elementor-button-text\">Report 2021<\/span>\n\t\t\t\t\t<\/span>\n\t\t\t\t\t<\/a>\n\t\t\t\t<\/div>\n\t\t\t\t\t\t\t\t<\/div>\n\t\t\t\t<\/div>\n\t\t\t\t<\/div>\n\t\t\t\t\t<\/div>\n\t\t\t\t<\/div>\n\t\t<div data-particle_enable=\"false\" data-particle-mobile-disabled=\"false\" class=\"elementor-element elementor-element-3149e84 e-flex e-con-boxed e-con e-parent\" data-id=\"3149e84\" data-element_type=\"container\" data-e-type=\"container\">\n\t\t\t\t\t<div class=\"e-con-inner\">\n\t\t<div data-particle_enable=\"false\" data-particle-mobile-disabled=\"false\" class=\"elementor-element elementor-element-9cacdc2 e-con-full e-flex e-con e-child\" data-id=\"9cacdc2\" data-element_type=\"container\" data-e-type=\"container\">\n\t\t\t\t<div class=\"elementor-element elementor-element-9c7878d elementor-widget elementor-widget-heading\" data-id=\"9c7878d\" data-element_type=\"widget\" data-e-type=\"widget\" data-widget_type=\"heading.default\">\n\t\t\t\t<div class=\"elementor-widget-container\">\n\t\t\t\t\t<h2 class=\"elementor-heading-title elementor-size-default\"><a href=\"http:\/\/gemmes.org\/wp-content\/uploads\/2022\/09\/Brochure-ateliers-Gemmes-et-SPARKS_09.22.pdf\">Brochures<\/a><\/h2>\t\t\t\t<\/div>\n\t\t\t\t<\/div>\n\t\t\t\t<\/div>\n\t\t\t\t\t<\/div>\n\t\t\t\t<\/div>\n\t\t<div data-particle_enable=\"false\" data-particle-mobile-disabled=\"false\" class=\"elementor-element elementor-element-bb2205e e-flex e-con-boxed e-con e-parent\" data-id=\"bb2205e\" data-element_type=\"container\" data-e-type=\"container\" data-settings=\"{&quot;background_background&quot;:&quot;classic&quot;}\">\n\t\t\t\t\t<div class=\"e-con-inner\">\n\t\t<div data-particle_enable=\"false\" data-particle-mobile-disabled=\"false\" class=\"elementor-element elementor-element-6f28dba e-con-full e-flex e-con e-child\" data-id=\"6f28dba\" data-element_type=\"container\" data-e-type=\"container\">\n\t\t\t\t<div class=\"elementor-element elementor-element-9889036 elementor-align-left elementor-widget elementor-widget-button\" data-id=\"9889036\" data-element_type=\"widget\" data-e-type=\"widget\" data-widget_type=\"button.default\">\n\t\t\t\t<div class=\"elementor-widget-container\">\n\t\t\t\t\t\t\t\t\t<div class=\"elementor-button-wrapper\">\n\t\t\t\t\t<a class=\"elementor-button elementor-button-link elementor-size-lg\" href=\"https:\/\/gemmes.org\/wp-content\/uploads\/2024\/07\/SPARKS-brochure-EN_08.23-1.pdf\" target=\"_blank\">\n\t\t\t\t\t\t<span class=\"elementor-button-content-wrapper\">\n\t\t\t\t\t\t<span class=\"elementor-button-icon\">\n\t\t\t\t<i aria-hidden=\"true\" class=\"far fa-file-pdf\"><\/i>\t\t\t<\/span>\n\t\t\t\t\t\t\t\t\t<span class=\"elementor-button-text\">Brochure Gemmes 2024<\/span>\n\t\t\t\t\t<\/span>\n\t\t\t\t\t<\/a>\n\t\t\t\t<\/div>\n\t\t\t\t\t\t\t\t<\/div>\n\t\t\t\t<\/div>\n\t\t\t\t<div class=\"elementor-element elementor-element-9344605 elementor-align-left elementor-widget elementor-widget-button\" data-id=\"9344605\" data-element_type=\"widget\" data-e-type=\"widget\" data-widget_type=\"button.default\">\n\t\t\t\t<div class=\"elementor-widget-container\">\n\t\t\t\t\t\t\t\t\t<div class=\"elementor-button-wrapper\">\n\t\t\t\t\t<a class=\"elementor-button elementor-button-link elementor-size-lg\" href=\"https:\/\/gemmes.org\/wp-content\/uploads\/2024\/07\/Parcours-Gemmes-college-lycee_v2.2.pdf\" target=\"_blank\">\n\t\t\t\t\t\t<span class=\"elementor-button-content-wrapper\">\n\t\t\t\t\t\t<span class=\"elementor-button-icon\">\n\t\t\t\t<i aria-hidden=\"true\" class=\"far fa-file-pdf\"><\/i>\t\t\t<\/span>\n\t\t\t\t\t\t\t\t\t<span class=\"elementor-button-text\">Parcours coll\u00e8ge-lyc\u00e9e<\/span>\n\t\t\t\t\t<\/span>\n\t\t\t\t\t<\/a>\n\t\t\t\t<\/div>\n\t\t\t\t\t\t\t\t<\/div>\n\t\t\t\t<\/div>\n\t\t\t\t<\/div>\n\t\t<div data-particle_enable=\"false\" data-particle-mobile-disabled=\"false\" class=\"elementor-element elementor-element-37f4302 e-con-full e-flex e-con e-child\" data-id=\"37f4302\" data-element_type=\"container\" data-e-type=\"container\">\n\t\t\t\t<div class=\"elementor-element elementor-element-6db6eb7 elementor-align-left elementor-widget elementor-widget-button\" data-id=\"6db6eb7\" data-element_type=\"widget\" data-e-type=\"widget\" data-widget_type=\"button.default\">\n\t\t\t\t<div class=\"elementor-widget-container\">\n\t\t\t\t\t\t\t\t\t<div class=\"elementor-button-wrapper\">\n\t\t\t\t\t<a class=\"elementor-button elementor-button-link elementor-size-lg\" href=\"https:\/\/gemmes.org\/en\/Plaquette-Gemmes-Canope\/\" target=\"_blank\">\n\t\t\t\t\t\t<span class=\"elementor-button-content-wrapper\">\n\t\t\t\t\t\t<span class=\"elementor-button-icon\">\n\t\t\t\t<i aria-hidden=\"true\" class=\"far fa-file-pdf\"><\/i>\t\t\t<\/span>\n\t\t\t\t\t\t\t\t\t<span class=\"elementor-button-text\">SPARKS - Canop\u00e9<\/span>\n\t\t\t\t\t<\/span>\n\t\t\t\t\t<\/a>\n\t\t\t\t<\/div>\n\t\t\t\t\t\t\t\t<\/div>\n\t\t\t\t<\/div>\n\t\t\t\t<div class=\"elementor-element elementor-element-7d8d081 elementor-widget elementor-widget-button\" data-id=\"7d8d081\" data-element_type=\"widget\" data-e-type=\"widget\" data-widget_type=\"button.default\">\n\t\t\t\t<div class=\"elementor-widget-container\">\n\t\t\t\t\t\t\t\t\t<div class=\"elementor-button-wrapper\">\n\t\t\t\t\t<a class=\"elementor-button elementor-button-link elementor-size-lg\" href=\"https:\/\/gemmes.org\/wp-content\/uploads\/2024\/07\/SPARKS-brochure-EN_08.23-1.pdf\" target=\"_blank\">\n\t\t\t\t\t\t<span class=\"elementor-button-content-wrapper\">\n\t\t\t\t\t\t<span class=\"elementor-button-icon\">\n\t\t\t\t<i aria-hidden=\"true\" class=\"far fa-file-pdf\"><\/i>\t\t\t<\/span>\n\t\t\t\t\t\t\t\t\t<span class=\"elementor-button-text\">SPARKS (EN)  <\/span>\n\t\t\t\t\t<\/span>\n\t\t\t\t\t<\/a>\n\t\t\t\t<\/div>\n\t\t\t\t\t\t\t\t<\/div>\n\t\t\t\t<\/div>\n\t\t\t\t<\/div>\n\t\t\t\t\t<\/div>\n\t\t\t\t<\/div>\n\t\t\t\t<\/div>","protected":false},"excerpt":{"rendered":"<p>Rapports d&rsquo;activit\u00e9s Rapport 2024-2025 (FR) Rapport 2023-2024 (FR) Rapport 2023-2024 (EN) Rapport 2022 Rapport 2021 Brochures Brochure Gemmes 2024 Parcours coll\u00e8ge-lyc\u00e9e SPARKS &#8211; Canop\u00e9 SPARKS (EN)<\/p>","protected":false},"author":1,"featured_media":8694,"parent":0,"menu_order":0,"comment_status":"closed","ping_status":"closed","template":"elementor_header_footer","meta":{"footnotes":""},"class_list":["post-7839","page","type-page","status-publish","has-post-thumbnail","hentry","entry","has-media"],"yoast_head":"<!-- This site is optimized with the Yoast SEO plugin v26.1.1 - https:\/\/yoast.com\/wordpress\/plugins\/seo\/ -->\n<title>Ressources - Gemmes.org - Reflexion Inspiration Action<\/title>\n<meta name=\"robots\" content=\"index, follow, max-snippet:-1, max-image-preview:large, max-video-preview:-1\" \/>\n<link rel=\"canonical\" href=\"https:\/\/gemmes.org\/en\/ressources\/\" \/>\n<meta property=\"og:locale\" content=\"en_US\" \/>\n<meta property=\"og:type\" content=\"article\" \/>\n<meta property=\"og:title\" content=\"Ressources - Gemmes.org - Reflexion Inspiration Action\" \/>\n<meta property=\"og:description\" content=\"Rapports d&rsquo;activit\u00e9s Rapport 2024-2025 (FR) Rapport 2023-2024 (FR) Rapport 2023-2024 (EN) Rapport 2022 Rapport 2021 Brochures Brochure Gemmes 2024 Parcours coll\u00e8ge-lyc\u00e9e SPARKS &#8211; Canop\u00e9 SPARKS (EN)\" \/>\n<meta property=\"og:url\" content=\"https:\/\/gemmes.org\/en\/ressources\/\" \/>\n<meta property=\"og:site_name\" content=\"Gemmes.org - Reflexion Inspiration Action\" \/>\n<meta property=\"article:modified_time\" content=\"2025-10-07T14:50:09+00:00\" \/>\n<meta property=\"og:image\" content=\"https:\/\/gemmes.org\/wp-content\/uploads\/2021\/03\/cropped-Pousse1-2.png\" \/>\n\t<meta property=\"og:image:width\" content=\"512\" \/>\n\t<meta property=\"og:image:height\" content=\"512\" \/>\n\t<meta property=\"og:image:type\" content=\"image\/png\" \/>\n<meta name=\"twitter:card\" content=\"summary_large_image\" \/>\n<meta name=\"twitter:label1\" content=\"Est. reading time\" \/>\n\t<meta name=\"twitter:data1\" content=\"1 minute\" \/>\n<script type=\"application\/ld+json\" class=\"yoast-schema-graph\">{\"@context\":\"https:\/\/schema.org\",\"@graph\":[{\"@type\":\"WebPage\",\"@id\":\"https:\/\/gemmes.org\/ressources\",\"url\":\"https:\/\/gemmes.org\/ressources\",\"name\":\"Ressources - Gemmes.org - Reflexion Inspiration Action\",\"isPartOf\":{\"@id\":\"https:\/\/gemmes.org\/#website\"},\"primaryImageOfPage\":{\"@id\":\"https:\/\/gemmes.org\/ressources#primaryimage\"},\"image\":{\"@id\":\"https:\/\/gemmes.org\/ressources#primaryimage\"},\"thumbnailUrl\":\"https:\/\/gemmes.org\/wp-content\/uploads\/2021\/03\/cropped-Pousse1-2.png\",\"datePublished\":\"2021-02-26T07:05:43+00:00\",\"dateModified\":\"2025-10-07T14:50:09+00:00\",\"breadcrumb\":{\"@id\":\"https:\/\/gemmes.org\/ressources#breadcrumb\"},\"inLanguage\":\"en-US\",\"potentialAction\":[{\"@type\":\"ReadAction\",\"target\":[\"https:\/\/gemmes.org\/ressources\"]}]},{\"@type\":\"ImageObject\",\"inLanguage\":\"en-US\",\"@id\":\"https:\/\/gemmes.org\/ressources#primaryimage\",\"url\":\"https:\/\/gemmes.org\/wp-content\/uploads\/2021\/03\/cropped-Pousse1-2.png\",\"contentUrl\":\"https:\/\/gemmes.org\/wp-content\/uploads\/2021\/03\/cropped-Pousse1-2.png\",\"width\":512,\"height\":512},{\"@type\":\"BreadcrumbList\",\"@id\":\"https:\/\/gemmes.org\/ressources#breadcrumb\",\"itemListElement\":[{\"@type\":\"ListItem\",\"position\":1,\"name\":\"Accueil\",\"item\":\"https:\/\/gemmes.org\/\"},{\"@type\":\"ListItem\",\"position\":2,\"name\":\"Ressources\"}]},{\"@type\":\"WebSite\",\"@id\":\"https:\/\/gemmes.org\/#website\",\"url\":\"https:\/\/gemmes.org\/\",\"name\":\"Gemmes.org - Reflexion Inspiration Action\",\"description\":\"Reflexion Inspiration Action\",\"publisher\":{\"@id\":\"https:\/\/gemmes.org\/#organization\"},\"potentialAction\":[{\"@type\":\"SearchAction\",\"target\":{\"@type\":\"EntryPoint\",\"urlTemplate\":\"https:\/\/gemmes.org\/?s={search_term_string}\"},\"query-input\":{\"@type\":\"PropertyValueSpecification\",\"valueRequired\":true,\"valueName\":\"search_term_string\"}}],\"inLanguage\":\"en-US\"},{\"@type\":\"Organization\",\"@id\":\"https:\/\/gemmes.org\/#organization\",\"name\":\"Gemmes.org - Reflexion Inspiration Action\",\"url\":\"https:\/\/gemmes.org\/\",\"logo\":{\"@type\":\"ImageObject\",\"inLanguage\":\"en-US\",\"@id\":\"https:\/\/gemmes.org\/#\/schema\/logo\/image\/\",\"url\":\"https:\/\/gemmes.org\/wp-content\/uploads\/2020\/11\/Ib4jhoQA.png\",\"contentUrl\":\"https:\/\/gemmes.org\/wp-content\/uploads\/2020\/11\/Ib4jhoQA.png\",\"width\":2048,\"height\":428,\"caption\":\"Gemmes.org - Reflexion Inspiration Action\"},\"image\":{\"@id\":\"https:\/\/gemmes.org\/#\/schema\/logo\/image\/\"},\"sameAs\":[\"https:\/\/www.linkedin.fr\/yoast\",\"https:\/\/www.instagram.com\/yoast\"]}]}<\/script>\n<!-- \/ Yoast SEO plugin. -->","yoast_head_json":{"title":"Ressources - Gemmes.org - Reflexion Inspiration Action","robots":{"index":"index","follow":"follow","max-snippet":"max-snippet:-1","max-image-preview":"max-image-preview:large","max-video-preview":"max-video-preview:-1"},"canonical":"https:\/\/gemmes.org\/en\/ressources\/","og_locale":"en_US","og_type":"article","og_title":"Ressources - Gemmes.org - Reflexion Inspiration Action","og_description":"Rapports d&rsquo;activit\u00e9s Rapport 2024-2025 (FR) Rapport 2023-2024 (FR) Rapport 2023-2024 (EN) Rapport 2022 Rapport 2021 Brochures Brochure Gemmes 2024 Parcours coll\u00e8ge-lyc\u00e9e SPARKS &#8211; Canop\u00e9 SPARKS (EN)","og_url":"https:\/\/gemmes.org\/en\/ressources\/","og_site_name":"Gemmes.org - Reflexion Inspiration Action","article_modified_time":"2025-10-07T14:50:09+00:00","og_image":[{"width":512,"height":512,"url":"https:\/\/gemmes.org\/wp-content\/uploads\/2021\/03\/cropped-Pousse1-2.png","type":"image\/png"}],"twitter_card":"summary_large_image","twitter_misc":{"Est. reading time":"1 minute"},"schema":{"@context":"https:\/\/schema.org","@graph":[{"@type":"WebPage","@id":"https:\/\/gemmes.org\/ressources","url":"https:\/\/gemmes.org\/ressources","name":"Ressources - Gemmes.org - Reflexion Inspiration Action","isPartOf":{"@id":"https:\/\/gemmes.org\/#website"},"primaryImageOfPage":{"@id":"https:\/\/gemmes.org\/ressources#primaryimage"},"image":{"@id":"https:\/\/gemmes.org\/ressources#primaryimage"},"thumbnailUrl":"https:\/\/gemmes.org\/wp-content\/uploads\/2021\/03\/cropped-Pousse1-2.png","datePublished":"2021-02-26T07:05:43+00:00","dateModified":"2025-10-07T14:50:09+00:00","breadcrumb":{"@id":"https:\/\/gemmes.org\/ressources#breadcrumb"},"inLanguage":"en-US","potentialAction":[{"@type":"ReadAction","target":["https:\/\/gemmes.org\/ressources"]}]},{"@type":"ImageObject","inLanguage":"en-US","@id":"https:\/\/gemmes.org\/ressources#primaryimage","url":"https:\/\/gemmes.org\/wp-content\/uploads\/2021\/03\/cropped-Pousse1-2.png","contentUrl":"https:\/\/gemmes.org\/wp-content\/uploads\/2021\/03\/cropped-Pousse1-2.png","width":512,"height":512},{"@type":"BreadcrumbList","@id":"https:\/\/gemmes.org\/ressources#breadcrumb","itemListElement":[{"@type":"ListItem","position":1,"name":"Accueil","item":"https:\/\/gemmes.org\/"},{"@type":"ListItem","position":2,"name":"Ressources"}]},{"@type":"WebSite","@id":"https:\/\/gemmes.org\/#website","url":"https:\/\/gemmes.org\/","name":"Gemmes.org - Reflexion Inspiration Action","description":"Reflexion Inspiration Action","publisher":{"@id":"https:\/\/gemmes.org\/#organization"},"potentialAction":[{"@type":"SearchAction","target":{"@type":"EntryPoint","urlTemplate":"https:\/\/gemmes.org\/?s={search_term_string}"},"query-input":{"@type":"PropertyValueSpecification","valueRequired":true,"valueName":"search_term_string"}}],"inLanguage":"en-US"},{"@type":"Organization","@id":"https:\/\/gemmes.org\/#organization","name":"Gemmes.org - Reflexion Inspiration Action","url":"https:\/\/gemmes.org\/","logo":{"@type":"ImageObject","inLanguage":"en-US","@id":"https:\/\/gemmes.org\/#\/schema\/logo\/image\/","url":"https:\/\/gemmes.org\/wp-content\/uploads\/2020\/11\/Ib4jhoQA.png","contentUrl":"https:\/\/gemmes.org\/wp-content\/uploads\/2020\/11\/Ib4jhoQA.png","width":2048,"height":428,"caption":"Gemmes.org - Reflexion Inspiration Action"},"image":{"@id":"https:\/\/gemmes.org\/#\/schema\/logo\/image\/"},"sameAs":["https:\/\/www.linkedin.fr\/yoast","https:\/\/www.instagram.com\/yoast"]}]}},"_links":{"self":[{"href":"https:\/\/gemmes.org\/en\/wp-json\/wp\/v2\/pages\/7839","targetHints":{"allow":["GET"]}}],"collection":[{"href":"https:\/\/gemmes.org\/en\/wp-json\/wp\/v2\/pages"}],"about":[{"href":"https:\/\/gemmes.org\/en\/wp-json\/wp\/v2\/types\/page"}],"author":[{"embeddable":true,"href":"https:\/\/gemmes.org\/en\/wp-json\/wp\/v2\/users\/1"}],"replies":[{"embeddable":true,"href":"https:\/\/gemmes.org\/en\/wp-json\/wp\/v2\/comments?post=7839"}],"version-history":[{"count":461,"href":"https:\/\/gemmes.org\/en\/wp-json\/wp\/v2\/pages\/7839\/revisions"}],"predecessor-version":[{"id":19633,"href":"https:\/\/gemmes.org\/en\/wp-json\/wp\/v2\/pages\/7839\/revisions\/19633"}],"wp:featuredmedia":[{"embeddable":true,"href":"https:\/\/gemmes.org\/en\/wp-json\/wp\/v2\/media\/8694"}],"wp:attachment":[{"href":"https:\/\/gemmes.org\/en\/wp-json\/wp\/v2\/media?parent=7839"}],"curies":[{"name":"wp","href":"https:\/\/api.w.org\/{rel}","templated":true}]}}