{"id":8880,"date":"2021-03-23T16:38:51","date_gmt":"2021-03-23T16:38:51","guid":{"rendered":"http:\/\/gemmes.org\/?page_id=8880"},"modified":"2025-01-21T20:41:27","modified_gmt":"2025-01-21T18:41:27","slug":"mentions-legales","status":"publish","type":"page","link":"https:\/\/gemmes.org\/en\/mentions-legales","title":{"rendered":"Mentions L\u00e9gales"},"content":{"rendered":"<div data-elementor-type=\"wp-page\" data-elementor-id=\"8880\" class=\"elementor elementor-8880\" data-elementor-post-type=\"page\">\n\t\t\t\t<div data-particle_enable=\"false\" data-particle-mobile-disabled=\"false\" class=\"elementor-element elementor-element-dacbaa6 e-flex e-con-boxed e-con e-parent\" data-id=\"dacbaa6\" data-element_type=\"container\" data-e-type=\"container\" data-settings=\"{&quot;background_background&quot;:&quot;classic&quot;}\">\n\t\t\t\t\t<div class=\"e-con-inner\">\n\t\t<div data-particle_enable=\"false\" data-particle-mobile-disabled=\"false\" class=\"elementor-element elementor-element-4eb373a e-con-full e-flex e-con e-child\" data-id=\"4eb373a\" data-element_type=\"container\" data-e-type=\"container\" data-settings=\"{&quot;background_background&quot;:&quot;classic&quot;}\">\n\t\t\t\t<div class=\"elementor-element elementor-element-0be638d elementor-widget elementor-widget-image\" data-id=\"0be638d\" data-element_type=\"widget\" data-e-type=\"widget\" data-widget_type=\"image.default\">\n\t\t\t\t<div class=\"elementor-widget-container\">\n\t\t\t\t\t\t\t\t\t\t\t\t\t\t\t<img fetchpriority=\"high\" decoding=\"async\" width=\"381\" height=\"428\" src=\"https:\/\/gemmes.org\/wp-content\/uploads\/2021\/02\/Ib4jhoQA-log.png\" class=\"attachment-full size-full wp-image-7192\" alt=\"\" srcset=\"https:\/\/gemmes.org\/wp-content\/uploads\/2021\/02\/Ib4jhoQA-log.png 381w, https:\/\/gemmes.org\/wp-content\/uploads\/2021\/02\/Ib4jhoQA-log-267x300.png 267w\" sizes=\"(max-width: 381px) 100vw, 381px\" \/>\t\t\t\t\t\t\t\t\t\t\t\t\t\t\t<\/div>\n\t\t\t\t<\/div>\n\t\t\t\t<div class=\"elementor-element elementor-element-4170663 elementor-widget elementor-widget-heading\" data-id=\"4170663\" data-element_type=\"widget\" data-e-type=\"widget\" data-widget_type=\"heading.default\">\n\t\t\t\t<div class=\"elementor-widget-container\">\n\t\t\t\t\t<h2 class=\"elementor-heading-title elementor-size-default\">General Terms &amp; Conditions<\/h2>\t\t\t\t<\/div>\n\t\t\t\t<\/div>\n\t\t\t\t<div class=\"elementor-element elementor-element-29b9fea elementor-widget elementor-widget-text-editor\" data-id=\"29b9fea\" data-element_type=\"widget\" data-e-type=\"widget\" data-widget_type=\"text-editor.default\">\n\t\t\t\t<div class=\"elementor-widget-container\">\n\t\t\t\t\t\t\t\t\t<p>Le site <a href=\"https:\/\/gemmes.org\/en\/\">www.gemmes.org<\/a> est \u00e9dit\u00e9 par le Fonds de dotation Gemmes. La cr\u00e9ation de Gemmes a \u00e9t\u00e9 annonc\u00e9e par publication au Journal Officiel le 3 octobre 2020 (annonce n\u00b02128).<\/p>\t\t\t\t\t\t\t\t<\/div>\n\t\t\t\t<\/div>\n\t\t\t\t<div class=\"elementor-element elementor-element-4d3234b elementor-widget elementor-widget-heading\" data-id=\"4d3234b\" data-element_type=\"widget\" data-e-type=\"widget\" data-widget_type=\"heading.default\">\n\t\t\t\t<div class=\"elementor-widget-container\">\n\t\t\t\t\t<h2 class=\"elementor-heading-title elementor-size-default\">Head office<\/h2>\t\t\t\t<\/div>\n\t\t\t\t<\/div>\n\t\t\t\t<div class=\"elementor-element elementor-element-e380cea elementor-widget elementor-widget-text-editor\" data-id=\"e380cea\" data-element_type=\"widget\" data-e-type=\"widget\" data-widget_type=\"text-editor.default\">\n\t\t\t\t<div class=\"elementor-widget-container\">\n\t\t\t\t\t\t\t\t\t<p>Fonds de dotation Gemmes <br \/>30 rue Auguste Piccard<br \/>01630 Saint-Genis-Pouilly<\/p>\t\t\t\t\t\t\t\t<\/div>\n\t\t\t\t<\/div>\n\t\t\t\t<div class=\"elementor-element elementor-element-224b6b6 elementor-widget elementor-widget-heading\" data-id=\"224b6b6\" data-element_type=\"widget\" data-e-type=\"widget\" data-widget_type=\"heading.default\">\n\t\t\t\t<div class=\"elementor-widget-container\">\n\t\t\t\t\t<h2 class=\"elementor-heading-title elementor-size-default\">Bureau<\/h2>\t\t\t\t<\/div>\n\t\t\t\t<\/div>\n\t\t\t\t<div class=\"elementor-element elementor-element-cad5cca elementor-widget elementor-widget-text-editor\" data-id=\"cad5cca\" data-element_type=\"widget\" data-e-type=\"widget\" data-widget_type=\"text-editor.default\">\n\t\t\t\t<div class=\"elementor-widget-container\">\n\t\t\t\t\t\t\t\t\t<p>Tiers-lieu Apprendre &amp; Devenir<br \/>B\u00e2timent U &#8211; 20 avenue du Plateau<br \/>69009 Lyon<\/p>\t\t\t\t\t\t\t\t<\/div>\n\t\t\t\t<\/div>\n\t\t\t\t<div class=\"elementor-element elementor-element-e9dd067 elementor-widget elementor-widget-heading\" data-id=\"e9dd067\" data-element_type=\"widget\" data-e-type=\"widget\" data-widget_type=\"heading.default\">\n\t\t\t\t<div class=\"elementor-widget-container\">\n\t\t\t\t\t<h2 class=\"elementor-heading-title elementor-size-default\">Contact<\/h2>\t\t\t\t<\/div>\n\t\t\t\t<\/div>\n\t\t\t\t<div class=\"elementor-element elementor-element-9fc9a2e elementor-widget elementor-widget-text-editor\" data-id=\"9fc9a2e\" data-element_type=\"widget\" data-e-type=\"widget\" data-widget_type=\"text-editor.default\">\n\t\t\t\t<div class=\"elementor-widget-container\">\n\t\t\t\t\t\t\t\t\t<a href=\"mailto:contact@gemmes.org\">contact@gemmes.org<\/a>\t\t\t\t\t\t\t\t<\/div>\n\t\t\t\t<\/div>\n\t\t\t\t<div class=\"elementor-element elementor-element-058ea38 elementor-widget elementor-widget-heading\" data-id=\"058ea38\" data-element_type=\"widget\" data-e-type=\"widget\" data-widget_type=\"heading.default\">\n\t\t\t\t<div class=\"elementor-widget-container\">\n\t\t\t\t\t<h2 class=\"elementor-heading-title elementor-size-default\">Direction \u00e9ditoriale<\/h2>\t\t\t\t<\/div>\n\t\t\t\t<\/div>\n\t\t\t\t<div class=\"elementor-element elementor-element-c2e5d69 elementor-widget elementor-widget-text-editor\" data-id=\"c2e5d69\" data-element_type=\"widget\" data-e-type=\"widget\" data-widget_type=\"text-editor.default\">\n\t\t\t\t<div class=\"elementor-widget-container\">\n\t\t\t\t\t\t\t\t\tCaroline Avanzo (Fondatrice Gemmes)\t\t\t\t\t\t\t\t<\/div>\n\t\t\t\t<\/div>\n\t\t\t\t<div class=\"elementor-element elementor-element-6635a7d elementor-widget elementor-widget-heading\" data-id=\"6635a7d\" data-element_type=\"widget\" data-e-type=\"widget\" data-widget_type=\"heading.default\">\n\t\t\t\t<div class=\"elementor-widget-container\">\n\t\t\t\t\t<h2 class=\"elementor-heading-title elementor-size-default\">Conception web et d\u00e9veloppement<\/h2>\t\t\t\t<\/div>\n\t\t\t\t<\/div>\n\t\t\t\t<div class=\"elementor-element elementor-element-a5bea20 elementor-widget elementor-widget-text-editor\" data-id=\"a5bea20\" data-element_type=\"widget\" data-e-type=\"widget\" data-widget_type=\"text-editor.default\">\n\t\t\t\t<div class=\"elementor-widget-container\">\n\t\t\t\t\t\t\t\t\t<p>Lo\u00efse Derbier<br \/>Montpellier<br \/>E-mail : loisederbier97@gmail.com<\/p>\t\t\t\t\t\t\t\t<\/div>\n\t\t\t\t<\/div>\n\t\t\t\t<div class=\"elementor-element elementor-element-130b5ad elementor-widget elementor-widget-heading\" data-id=\"130b5ad\" data-element_type=\"widget\" data-e-type=\"widget\" data-widget_type=\"heading.default\">\n\t\t\t\t<div class=\"elementor-widget-container\">\n\t\t\t\t\t<h2 class=\"elementor-heading-title elementor-size-default\">H\u00e9bergeur <\/h2>\t\t\t\t<\/div>\n\t\t\t\t<\/div>\n\t\t\t\t<div class=\"elementor-element elementor-element-efd1c4d elementor-widget elementor-widget-text-editor\" data-id=\"efd1c4d\" data-element_type=\"widget\" data-e-type=\"widget\" data-widget_type=\"text-editor.default\">\n\t\t\t\t<div class=\"elementor-widget-container\">\n\t\t\t\t\t\t\t\t\t1&amp;1 Internet SARL<br>\n7, place de la Gare<br>\nBP 70109<br>\n57200 Sarreguemines Cedex<br>\nT\u00e9l : 0970 808 911<br>\nE-mail : info@ionos.fr\t\t\t\t\t\t\t\t<\/div>\n\t\t\t\t<\/div>\n\t\t\t\t<div class=\"elementor-element elementor-element-b4ab0b9 elementor-widget elementor-widget-heading\" data-id=\"b4ab0b9\" data-element_type=\"widget\" data-e-type=\"widget\" data-widget_type=\"heading.default\">\n\t\t\t\t<div class=\"elementor-widget-container\">\n\t\t\t\t\t<h2 class=\"elementor-heading-title elementor-size-default\">Propri\u00e9t\u00e9 intellectuelle<\/h2>\t\t\t\t<\/div>\n\t\t\t\t<\/div>\n\t\t\t\t<div class=\"elementor-element elementor-element-c1c3ab3 elementor-widget elementor-widget-text-editor\" data-id=\"c1c3ab3\" data-element_type=\"widget\" data-e-type=\"widget\" data-widget_type=\"text-editor.default\">\n\t\t\t\t<div class=\"elementor-widget-container\">\n\t\t\t\t\t\t\t\t\t<p>Le site internet du Fonds de dotation Gemmes rel\u00e8ve de la l\u00e9gislation fran\u00e7aise et internationale sur le droit d\u2019auteur et la propri\u00e9t\u00e9 intellectuelle. Tous les droits des auteurs des \u0153uvres prot\u00e9g\u00e9es reproduites et communiqu\u00e9es sur ce site sont r\u00e9serv\u00e9s. Sauf autorisation \u00e9crite, toute utilisation des \u0153uvres autre que la consultation individuelle et priv\u00e9e est interdite. Les logos repr\u00e9sent\u00e9s sur ce site sont prot\u00e9g\u00e9s au titre des droits d\u2019auteur et des articles L.511.1 et suivants du Code de la propri\u00e9t\u00e9 intellectuelle relatifs \u00e0 la protection des mod\u00e8les d\u00e9pos\u00e9s. A l\u2019exception des dispositions ci-dessus, toute reproduction, repr\u00e9sentation, utilisation ou modification, par quelque proc\u00e9d\u00e9 que ce soit et sur quelque support que ce soit, de tout ou partie du site, de tout ou partie des \u0153uvres qui le composent, sans avoir obtenu l\u2019autorisation pr\u00e9alable du Fonds de dotation Gemmes, est strictement interdite et constitue un d\u00e9lit de contrefa\u00e7on.<\/p>\t\t\t\t\t\t\t\t<\/div>\n\t\t\t\t<\/div>\n\t\t\t\t<div class=\"elementor-element elementor-element-c00e0f3 elementor-widget elementor-widget-heading\" data-id=\"c00e0f3\" data-element_type=\"widget\" data-e-type=\"widget\" data-widget_type=\"heading.default\">\n\t\t\t\t<div class=\"elementor-widget-container\">\n\t\t\t\t\t<h2 class=\"elementor-heading-title elementor-size-default\">Droit \u00e0 l\u2019image <\/h2>\t\t\t\t<\/div>\n\t\t\t\t<\/div>\n\t\t\t\t<div class=\"elementor-element elementor-element-696d75a elementor-widget elementor-widget-text-editor\" data-id=\"696d75a\" data-element_type=\"widget\" data-e-type=\"widget\" data-widget_type=\"text-editor.default\">\n\t\t\t\t<div class=\"elementor-widget-container\">\n\t\t\t\t\t\t\t\t\t<p>Les photographies de personnes figurant sur le site sont la propri\u00e9t\u00e9 de l\u2019\u00e9diteur et\/ou sont utilis\u00e9es par l&rsquo;\u00e9diteur avec l&rsquo;accord des titulaires des droits. L&rsquo;utilisation de ces photographies est interdite sans autorisation sp\u00e9cifique et expresse de l&rsquo;\u00e9diteur. Toute utilisation non autoris\u00e9e peut entra\u00eener une violation des droits d&rsquo;auteur, des droits \u00e0 l&rsquo;image et des droits des personnes.<\/p>\t\t\t\t\t\t\t\t<\/div>\n\t\t\t\t<\/div>\n\t\t\t\t<div class=\"elementor-element elementor-element-8ca3c69 elementor-widget elementor-widget-heading\" data-id=\"8ca3c69\" data-element_type=\"widget\" data-e-type=\"widget\" data-widget_type=\"heading.default\">\n\t\t\t\t<div class=\"elementor-widget-container\">\n\t\t\t\t\t<h2 class=\"elementor-heading-title elementor-size-default\">Responsabilit\u00e9<\/h2>\t\t\t\t<\/div>\n\t\t\t\t<\/div>\n\t\t\t\t<div class=\"elementor-element elementor-element-b2d3a82 elementor-widget elementor-widget-text-editor\" data-id=\"b2d3a82\" data-element_type=\"widget\" data-e-type=\"widget\" data-widget_type=\"text-editor.default\">\n\t\t\t\t<div class=\"elementor-widget-container\">\n\t\t\t\t\t\t\t\t\t<p>L\u2019\u00e9diteur se r\u00e9serve le droit de supprimer, changer ou modifier ce site en tout temps et sans pr\u00e9avis.L\u2019\u00e9diteur ne saurait \u00eatre responsable des dommages qui pourraient r\u00e9sulter de l&rsquo;acc\u00e8s ou de l&rsquo;utilisation du site, incluant toutes d\u00e9t\u00e9riorations ou virus qui pourraient infecter votre \u00e9quipement informatique ou tout autre bien. L\u2019\u00e9diteur d\u00e9cline toute responsabilit\u00e9 quant aux sites internet qui poss\u00e8dent un lien vers le site <a href=\"https:\/\/gemmes.org\/en\/\">www.gemmes.org<\/a>.<\/p>\t\t\t\t\t\t\t\t<\/div>\n\t\t\t\t<\/div>\n\t\t\t\t<div class=\"elementor-element elementor-element-e66bf06 elementor-widget elementor-widget-heading\" data-id=\"e66bf06\" data-element_type=\"widget\" data-e-type=\"widget\" data-widget_type=\"heading.default\">\n\t\t\t\t<div class=\"elementor-widget-container\">\n\t\t\t\t\t<h2 class=\"elementor-heading-title elementor-size-default\">Donn\u00e9es personnelles<\/h2>\t\t\t\t<\/div>\n\t\t\t\t<\/div>\n\t\t\t\t<div class=\"elementor-element elementor-element-6755422 elementor-widget elementor-widget-text-editor\" data-id=\"6755422\" data-element_type=\"widget\" data-e-type=\"widget\" data-widget_type=\"text-editor.default\">\n\t\t\t\t<div class=\"elementor-widget-container\">\n\t\t\t\t\t\t\t\t\t<p>Seules les donn\u00e9es d\u00e9pos\u00e9es volontairement par l\u2019internaute via le formulaire de contact sont enregistr\u00e9es. Ces donn\u00e9es sont destin\u00e9es et trait\u00e9es exclusivement par et pour le Fonds de dotation Gemmes. En application de la loi n\u00b078-17 du 6 janvier 1978 relative \u00e0 l\u2019informatique, aux fichiers et aux libert\u00e9s, l\u2019utilisateur dispose des droits d\u2019opposition (art.26 de la loi), d\u2019acc\u00e8s (art.34 \u00e0 38 de la loi), et de rectification (art.36 de la loi) des donn\u00e9es le concernant. Ainsi, l\u2019utilisateur peut exiger que soient rectifi\u00e9es, compl\u00e9t\u00e9es, clarifi\u00e9es, mises \u00e0 jour ou effac\u00e9es les informations le concernant qui sont inexactes, incompl\u00e8tes, \u00e9quivoques, p\u00e9rim\u00e9es ou dont la collecte, l\u2019utilisation, la communication ou la conservation est interdite. En cas de non-respect des exigences de l\u2019internaute, celui-ci est en droit d\u2019exercer une r\u00e9clamation aupr\u00e8s de la CNIL.<\/p>\t\t\t\t\t\t\t\t<\/div>\n\t\t\t\t<\/div>\n\t\t\t\t<div class=\"elementor-element elementor-element-af0b74d elementor-widget elementor-widget-heading\" data-id=\"af0b74d\" data-element_type=\"widget\" data-e-type=\"widget\" data-widget_type=\"heading.default\">\n\t\t\t\t<div class=\"elementor-widget-container\">\n\t\t\t\t\t<h2 class=\"elementor-heading-title elementor-size-default\">Cookies<\/h2>\t\t\t\t<\/div>\n\t\t\t\t<\/div>\n\t\t\t\t<div class=\"elementor-element elementor-element-fa66d63 elementor-widget elementor-widget-text-editor\" data-id=\"fa66d63\" data-element_type=\"widget\" data-e-type=\"widget\" data-widget_type=\"text-editor.default\">\n\t\t\t\t<div class=\"elementor-widget-container\">\n\t\t\t\t\t\t\t\t\tLe site <a href=\"https:\/\/gemmes.org\/en\/\">www.gemmes.org<\/a> n\u2019utilise pas de cookies.<br>\n\nNos int\u00e9grations d&rsquo;inscription et de dons, respectivement \u00ab\u00a0Typeform\u00a0\u00bb et \u00ab\u00a0Give WP\u00a0\u00bb sont susceptibles d&rsquo;utiliser des cookies.\nCes deux entit\u00e9s les traitent ind\u00e9pendamment de Gemmes.\t\t\t\t\t\t\t\t<\/div>\n\t\t\t\t<\/div>\n\t\t\t\t<\/div>\n\t\t\t\t\t<\/div>\n\t\t\t\t<\/div>\n\t\t\t\t<\/div>","protected":false},"excerpt":{"rendered":"<p>Mentions l\u00e9gales Le site www.gemmes.org est \u00e9dit\u00e9 par le Fonds de dotation Gemmes. La cr\u00e9ation de Gemmes a \u00e9t\u00e9 annonc\u00e9e par publication au Journal Officiel le 3 octobre 2020 (annonce n\u00b02128). Si\u00e8ge social Fonds de dotation Gemmes 30 rue Auguste Piccard01630 Saint-Genis-Pouilly Bureaux Tiers-lieu Apprendre &amp; DevenirB\u00e2timent U &#8211; 20 avenue du Plateau69009 Lyon Contact [&hellip;]<\/p>","protected":false},"author":1,"featured_media":8694,"parent":0,"menu_order":0,"comment_status":"closed","ping_status":"closed","template":"elementor_header_footer","meta":{"footnotes":""},"class_list":["post-8880","page","type-page","status-publish","has-post-thumbnail","hentry","entry","has-media"],"yoast_head":"<!-- This site is optimized with the Yoast SEO plugin v26.1.1 - https:\/\/yoast.com\/wordpress\/plugins\/seo\/ -->\n<title>Mentions L\u00e9gales - Gemmes.org - Reflexion Inspiration Action<\/title>\n<meta name=\"robots\" content=\"index, follow, max-snippet:-1, max-image-preview:large, max-video-preview:-1\" \/>\n<link rel=\"canonical\" href=\"https:\/\/gemmes.org\/en\/mentions-legales\/\" \/>\n<meta property=\"og:locale\" content=\"en_US\" \/>\n<meta property=\"og:type\" content=\"article\" \/>\n<meta property=\"og:title\" content=\"Mentions L\u00e9gales - Gemmes.org - Reflexion Inspiration Action\" \/>\n<meta property=\"og:description\" content=\"Mentions l\u00e9gales Le site www.gemmes.org est \u00e9dit\u00e9 par le Fonds de dotation Gemmes. La cr\u00e9ation de Gemmes a \u00e9t\u00e9 annonc\u00e9e par publication au Journal Officiel le 3 octobre 2020 (annonce n\u00b02128). Si\u00e8ge social Fonds de dotation Gemmes 30 rue Auguste Piccard01630 Saint-Genis-Pouilly Bureaux Tiers-lieu Apprendre &amp; DevenirB\u00e2timent U &#8211; 20 avenue du Plateau69009 Lyon Contact [&hellip;]\" \/>\n<meta property=\"og:url\" content=\"https:\/\/gemmes.org\/en\/mentions-legales\/\" \/>\n<meta property=\"og:site_name\" content=\"Gemmes.org - Reflexion Inspiration Action\" \/>\n<meta property=\"article:modified_time\" content=\"2025-01-21T18:41:27+00:00\" \/>\n<meta property=\"og:image\" content=\"https:\/\/gemmes.org\/wp-content\/uploads\/2021\/03\/cropped-Pousse1-2.png\" \/>\n\t<meta property=\"og:image:width\" content=\"512\" \/>\n\t<meta property=\"og:image:height\" content=\"512\" \/>\n\t<meta property=\"og:image:type\" content=\"image\/png\" \/>\n<meta name=\"twitter:card\" content=\"summary_large_image\" \/>\n<meta name=\"twitter:label1\" content=\"Est. reading time\" \/>\n\t<meta name=\"twitter:data1\" content=\"3 minutes\" \/>\n<script type=\"application\/ld+json\" class=\"yoast-schema-graph\">{\"@context\":\"https:\/\/schema.org\",\"@graph\":[{\"@type\":\"WebPage\",\"@id\":\"https:\/\/gemmes.org\/mentions-legales\",\"url\":\"https:\/\/gemmes.org\/mentions-legales\",\"name\":\"Mentions L\u00e9gales - Gemmes.org - Reflexion Inspiration Action\",\"isPartOf\":{\"@id\":\"https:\/\/gemmes.org\/#website\"},\"primaryImageOfPage\":{\"@id\":\"https:\/\/gemmes.org\/mentions-legales#primaryimage\"},\"image\":{\"@id\":\"https:\/\/gemmes.org\/mentions-legales#primaryimage\"},\"thumbnailUrl\":\"https:\/\/gemmes.org\/wp-content\/uploads\/2021\/03\/cropped-Pousse1-2.png\",\"datePublished\":\"2021-03-23T16:38:51+00:00\",\"dateModified\":\"2025-01-21T18:41:27+00:00\",\"breadcrumb\":{\"@id\":\"https:\/\/gemmes.org\/mentions-legales#breadcrumb\"},\"inLanguage\":\"en-US\",\"potentialAction\":[{\"@type\":\"ReadAction\",\"target\":[\"https:\/\/gemmes.org\/mentions-legales\"]}]},{\"@type\":\"ImageObject\",\"inLanguage\":\"en-US\",\"@id\":\"https:\/\/gemmes.org\/mentions-legales#primaryimage\",\"url\":\"https:\/\/gemmes.org\/wp-content\/uploads\/2021\/03\/cropped-Pousse1-2.png\",\"contentUrl\":\"https:\/\/gemmes.org\/wp-content\/uploads\/2021\/03\/cropped-Pousse1-2.png\",\"width\":512,\"height\":512},{\"@type\":\"BreadcrumbList\",\"@id\":\"https:\/\/gemmes.org\/mentions-legales#breadcrumb\",\"itemListElement\":[{\"@type\":\"ListItem\",\"position\":1,\"name\":\"Accueil\",\"item\":\"https:\/\/gemmes.org\/\"},{\"@type\":\"ListItem\",\"position\":2,\"name\":\"Mentions L\u00e9gales\"}]},{\"@type\":\"WebSite\",\"@id\":\"https:\/\/gemmes.org\/#website\",\"url\":\"https:\/\/gemmes.org\/\",\"name\":\"Gemmes.org - Reflexion Inspiration Action\",\"description\":\"Reflexion Inspiration Action\",\"publisher\":{\"@id\":\"https:\/\/gemmes.org\/#organization\"},\"potentialAction\":[{\"@type\":\"SearchAction\",\"target\":{\"@type\":\"EntryPoint\",\"urlTemplate\":\"https:\/\/gemmes.org\/?s={search_term_string}\"},\"query-input\":{\"@type\":\"PropertyValueSpecification\",\"valueRequired\":true,\"valueName\":\"search_term_string\"}}],\"inLanguage\":\"en-US\"},{\"@type\":\"Organization\",\"@id\":\"https:\/\/gemmes.org\/#organization\",\"name\":\"Gemmes.org - Reflexion Inspiration Action\",\"url\":\"https:\/\/gemmes.org\/\",\"logo\":{\"@type\":\"ImageObject\",\"inLanguage\":\"en-US\",\"@id\":\"https:\/\/gemmes.org\/#\/schema\/logo\/image\/\",\"url\":\"https:\/\/gemmes.org\/wp-content\/uploads\/2020\/11\/Ib4jhoQA.png\",\"contentUrl\":\"https:\/\/gemmes.org\/wp-content\/uploads\/2020\/11\/Ib4jhoQA.png\",\"width\":2048,\"height\":428,\"caption\":\"Gemmes.org - Reflexion Inspiration Action\"},\"image\":{\"@id\":\"https:\/\/gemmes.org\/#\/schema\/logo\/image\/\"},\"sameAs\":[\"https:\/\/www.linkedin.fr\/yoast\",\"https:\/\/www.instagram.com\/yoast\"]}]}<\/script>\n<!-- \/ Yoast SEO plugin. -->","yoast_head_json":{"title":"Mentions L\u00e9gales - Gemmes.org - Reflexion Inspiration Action","robots":{"index":"index","follow":"follow","max-snippet":"max-snippet:-1","max-image-preview":"max-image-preview:large","max-video-preview":"max-video-preview:-1"},"canonical":"https:\/\/gemmes.org\/en\/mentions-legales\/","og_locale":"en_US","og_type":"article","og_title":"Mentions L\u00e9gales - Gemmes.org - Reflexion Inspiration Action","og_description":"Mentions l\u00e9gales Le site www.gemmes.org est \u00e9dit\u00e9 par le Fonds de dotation Gemmes. La cr\u00e9ation de Gemmes a \u00e9t\u00e9 annonc\u00e9e par publication au Journal Officiel le 3 octobre 2020 (annonce n\u00b02128). Si\u00e8ge social Fonds de dotation Gemmes 30 rue Auguste Piccard01630 Saint-Genis-Pouilly Bureaux Tiers-lieu Apprendre &amp; DevenirB\u00e2timent U &#8211; 20 avenue du Plateau69009 Lyon Contact [&hellip;]","og_url":"https:\/\/gemmes.org\/en\/mentions-legales\/","og_site_name":"Gemmes.org - Reflexion Inspiration Action","article_modified_time":"2025-01-21T18:41:27+00:00","og_image":[{"width":512,"height":512,"url":"https:\/\/gemmes.org\/wp-content\/uploads\/2021\/03\/cropped-Pousse1-2.png","type":"image\/png"}],"twitter_card":"summary_large_image","twitter_misc":{"Est. reading time":"3 minutes"},"schema":{"@context":"https:\/\/schema.org","@graph":[{"@type":"WebPage","@id":"https:\/\/gemmes.org\/mentions-legales","url":"https:\/\/gemmes.org\/mentions-legales","name":"Mentions L\u00e9gales - Gemmes.org - Reflexion Inspiration Action","isPartOf":{"@id":"https:\/\/gemmes.org\/#website"},"primaryImageOfPage":{"@id":"https:\/\/gemmes.org\/mentions-legales#primaryimage"},"image":{"@id":"https:\/\/gemmes.org\/mentions-legales#primaryimage"},"thumbnailUrl":"https:\/\/gemmes.org\/wp-content\/uploads\/2021\/03\/cropped-Pousse1-2.png","datePublished":"2021-03-23T16:38:51+00:00","dateModified":"2025-01-21T18:41:27+00:00","breadcrumb":{"@id":"https:\/\/gemmes.org\/mentions-legales#breadcrumb"},"inLanguage":"en-US","potentialAction":[{"@type":"ReadAction","target":["https:\/\/gemmes.org\/mentions-legales"]}]},{"@type":"ImageObject","inLanguage":"en-US","@id":"https:\/\/gemmes.org\/mentions-legales#primaryimage","url":"https:\/\/gemmes.org\/wp-content\/uploads\/2021\/03\/cropped-Pousse1-2.png","contentUrl":"https:\/\/gemmes.org\/wp-content\/uploads\/2021\/03\/cropped-Pousse1-2.png","width":512,"height":512},{"@type":"BreadcrumbList","@id":"https:\/\/gemmes.org\/mentions-legales#breadcrumb","itemListElement":[{"@type":"ListItem","position":1,"name":"Accueil","item":"https:\/\/gemmes.org\/"},{"@type":"ListItem","position":2,"name":"Mentions L\u00e9gales"}]},{"@type":"WebSite","@id":"https:\/\/gemmes.org\/#website","url":"https:\/\/gemmes.org\/","name":"Gemmes.org - Reflexion Inspiration Action","description":"Reflexion Inspiration Action","publisher":{"@id":"https:\/\/gemmes.org\/#organization"},"potentialAction":[{"@type":"SearchAction","target":{"@type":"EntryPoint","urlTemplate":"https:\/\/gemmes.org\/?s={search_term_string}"},"query-input":{"@type":"PropertyValueSpecification","valueRequired":true,"valueName":"search_term_string"}}],"inLanguage":"en-US"},{"@type":"Organization","@id":"https:\/\/gemmes.org\/#organization","name":"Gemmes.org - Reflexion Inspiration Action","url":"https:\/\/gemmes.org\/","logo":{"@type":"ImageObject","inLanguage":"en-US","@id":"https:\/\/gemmes.org\/#\/schema\/logo\/image\/","url":"https:\/\/gemmes.org\/wp-content\/uploads\/2020\/11\/Ib4jhoQA.png","contentUrl":"https:\/\/gemmes.org\/wp-content\/uploads\/2020\/11\/Ib4jhoQA.png","width":2048,"height":428,"caption":"Gemmes.org - Reflexion Inspiration Action"},"image":{"@id":"https:\/\/gemmes.org\/#\/schema\/logo\/image\/"},"sameAs":["https:\/\/www.linkedin.fr\/yoast","https:\/\/www.instagram.com\/yoast"]}]}},"_links":{"self":[{"href":"https:\/\/gemmes.org\/en\/wp-json\/wp\/v2\/pages\/8880","targetHints":{"allow":["GET"]}}],"collection":[{"href":"https:\/\/gemmes.org\/en\/wp-json\/wp\/v2\/pages"}],"about":[{"href":"https:\/\/gemmes.org\/en\/wp-json\/wp\/v2\/types\/page"}],"author":[{"embeddable":true,"href":"https:\/\/gemmes.org\/en\/wp-json\/wp\/v2\/users\/1"}],"replies":[{"embeddable":true,"href":"https:\/\/gemmes.org\/en\/wp-json\/wp\/v2\/comments?post=8880"}],"version-history":[{"count":67,"href":"https:\/\/gemmes.org\/en\/wp-json\/wp\/v2\/pages\/8880\/revisions"}],"predecessor-version":[{"id":17375,"href":"https:\/\/gemmes.org\/en\/wp-json\/wp\/v2\/pages\/8880\/revisions\/17375"}],"wp:featuredmedia":[{"embeddable":true,"href":"https:\/\/gemmes.org\/en\/wp-json\/wp\/v2\/media\/8694"}],"wp:attachment":[{"href":"https:\/\/gemmes.org\/en\/wp-json\/wp\/v2\/media?parent=8880"}],"curies":[{"name":"wp","href":"https:\/\/api.w.org\/{rel}","templated":true}]}}